{"id":27237,"date":"2024-11-09T09:47:20","date_gmt":"2024-11-09T09:47:20","guid":{"rendered":"https:\/\/le24suquet.fr\/?page_id=27237"},"modified":"2026-02-06T11:56:42","modified_gmt":"2026-02-06T11:56:42","slug":"menu-jour-de-lan","status":"publish","type":"page","link":"https:\/\/le24suquet.fr\/en\/menu-jour-de-lan\/","title":{"rendered":"Menu Saint Valentin"},"content":{"rendered":"<div data-elementor-type=\"wp-page\" data-elementor-id=\"27237\" class=\"elementor elementor-27237\">\n\t\t\t\t<div class=\"elementor-element elementor-element-0e6d85f e-con-full e-flex wpr-particle-no wpr-jarallax-no wpr-parallax-no wpr-sticky-section-no wpr-equal-height-no e-con e-parent\" data-id=\"0e6d85f\" data-element_type=\"container\" data-e-type=\"container\" data-settings=\"{&quot;background_background&quot;:&quot;classic&quot;}\">\n\t\t<div class=\"elementor-element elementor-element-3410272 e-con-full e-flex wpr-particle-no wpr-jarallax-no wpr-parallax-no wpr-equal-height-no e-con e-child\" data-id=\"3410272\" data-element_type=\"container\" data-e-type=\"container\" data-settings=\"{&quot;background_background&quot;:&quot;classic&quot;}\">\n\t\t\t\t<div class=\"elementor-element elementor-element-e78bfe7 elementor-widget elementor-widget-image\" data-id=\"e78bfe7\" data-element_type=\"widget\" data-e-type=\"widget\" data-widget_type=\"image.default\">\n\t\t\t\t<div class=\"elementor-widget-container\">\n\t\t\t\t\t\t\t\t\t\t\t\t\t\t\t<img fetchpriority=\"high\" decoding=\"async\" width=\"413\" height=\"231\" src=\"https:\/\/le24suquet.fr\/wp-content\/uploads\/2023\/12\/Image4.png\" class=\"attachment-large size-large wp-image-21145\" alt=\"\" srcset=\"https:\/\/le24suquet.fr\/wp-content\/uploads\/2023\/12\/Image4.png 413w, https:\/\/le24suquet.fr\/wp-content\/uploads\/2023\/12\/Image4-300x168.png 300w, https:\/\/le24suquet.fr\/wp-content\/uploads\/2023\/12\/Image4-18x10.png 18w\" sizes=\"(max-width: 413px) 100vw, 413px\" \/>\t\t\t\t\t\t\t\t\t\t\t\t\t\t\t<\/div>\n\t\t\t\t<\/div>\n\t\t\t\t<div class=\"elementor-element elementor-element-58ca13d elementor-widget elementor-widget-heading\" data-id=\"58ca13d\" data-element_type=\"widget\" data-e-type=\"widget\" data-widget_type=\"heading.default\">\n\t\t\t\t<div class=\"elementor-widget-container\">\n\t\t\t\t\t<h2 class=\"elementor-heading-title elementor-size-default\">Menu Saint Valentin 14 F\u00e9vrier\n<br>44,90\u20ac<\/h2>\t\t\t\t<\/div>\n\t\t\t\t<\/div>\n\t\t<div class=\"elementor-element elementor-element-8b151fa e-con-full e-flex wpr-particle-no wpr-jarallax-no wpr-parallax-no wpr-sticky-section-no wpr-equal-height-no e-con e-child\" data-id=\"8b151fa\" data-element_type=\"container\" data-e-type=\"container\" data-settings=\"{&quot;background_background&quot;:&quot;classic&quot;}\">\n\t\t\t\t<\/div>\n\t\t\t\t<div class=\"elementor-element elementor-element-2a1ba50 elementor-widget elementor-widget-heading\" data-id=\"2a1ba50\" data-element_type=\"widget\" data-e-type=\"widget\" data-widget_type=\"heading.default\">\n\t\t\t\t<div class=\"elementor-widget-container\">\n\t\t\t\t\t<h2 class=\"elementor-heading-title elementor-size-default\">Coupe de Champagne rouge Amour\n<br><br>\nSaint-Jacques aux Epices\n<br>\nOU\n<br>\nPetite Ravioles \u00e0 la Truffe\n<br><br>\nFilet de Boeuf Sauce au poivre vert\n<br>\nOU\n<br>\nFilet de Loup Sauce Vierge\n<br><br>\nTiramisu Maison\n<br>\nou<br>\nCr\u00e8me brul\u00e9e \u00e0 la Vanille<\/h2>\t\t\t\t<\/div>\n\t\t\t\t<\/div>\n\t\t\t\t<div class=\"elementor-element elementor-element-7cf0fd5 elementor-align-center animated-slow elementor-invisible elementor-widget elementor-widget-button\" data-id=\"7cf0fd5\" data-element_type=\"widget\" data-e-type=\"widget\" data-settings=\"{&quot;_animation&quot;:&quot;rollIn&quot;}\" data-widget_type=\"button.default\">\n\t\t\t\t<div class=\"elementor-widget-container\">\n\t\t\t\t\t\t\t\t\t<div class=\"elementor-button-wrapper\">\n\t\t\t\t\t<a class=\"elementor-button elementor-button-link elementor-size-sm\" href=\"https:\/\/le24suquet.fr\/en\/reservation\/\">\n\t\t\t\t\t\t<span class=\"elementor-button-content-wrapper\">\n\t\t\t\t\t\t<span class=\"elementor-button-icon\">\n\t\t\t\t<i aria-hidden=\"true\" class=\"fas fa-location-arrow\"><\/i>\t\t\t<\/span>\n\t\t\t\t\t\t\t\t\t<span class=\"elementor-button-text\">Book<\/span>\n\t\t\t\t\t<\/span>\n\t\t\t\t\t<\/a>\n\t\t\t\t<\/div>\n\t\t\t\t\t\t\t\t<\/div>\n\t\t\t\t<\/div>\n\t\t\t\t<\/div>\n\t\t\t\t<\/div>\n\t\t\t\t<\/div>","protected":false},"excerpt":{"rendered":"<p>Menu Saint Valentin 14 F\u00e9vrier 44,90\u20ac Coupe de Champagne rouge Amour Saint-Jacques aux Epices OU Petite Ravioles \u00e0 la Truffe Filet de Boeuf Sauce au poivre vert OU Filet de Loup Sauce Vierge Tiramisu Maison ou Cr\u00e8me brul\u00e9e \u00e0 la Vanille R\u00e9servation<\/p>","protected":false},"author":1,"featured_media":0,"parent":0,"menu_order":0,"comment_status":"closed","ping_status":"closed","template":"elementor_header_footer","meta":{"footnotes":""},"class_list":["post-27237","page","type-page","status-publish","hentry","entry"],"yoast_head":"<!-- This site is optimized with the Yoast SEO plugin v27.4 - https:\/\/yoast.com\/product\/yoast-seo-wordpress\/ -->\n<title>Menu Saint Valentin - Restaurant le 24 Cannes<\/title>\n<meta name=\"robots\" content=\"index, follow, max-snippet:-1, max-image-preview:large, max-video-preview:-1\" \/>\n<link rel=\"canonical\" href=\"https:\/\/le24suquet.fr\/en\/menu-jour-de-lan\/\" \/>\n<meta property=\"og:locale\" content=\"en_GB\" \/>\n<meta property=\"og:type\" content=\"article\" \/>\n<meta property=\"og:title\" content=\"Menu Saint Valentin - Restaurant le 24 Cannes\" \/>\n<meta property=\"og:description\" content=\"Menu Saint Valentin 14 F\u00e9vrier 44,90\u20ac Coupe de Champagne rouge Amour Saint-Jacques aux Epices OU Petite Ravioles \u00e0 la Truffe Filet de Boeuf Sauce au poivre vert OU Filet de Loup Sauce Vierge Tiramisu Maison ou Cr\u00e8me brul\u00e9e \u00e0 la Vanille R\u00e9servation\" \/>\n<meta property=\"og:url\" content=\"https:\/\/le24suquet.fr\/en\/menu-jour-de-lan\/\" \/>\n<meta property=\"og:site_name\" content=\"Restaurant le 24 Cannes\" \/>\n<meta property=\"article:modified_time\" content=\"2026-02-06T11:56:42+00:00\" \/>\n<meta property=\"og:image\" content=\"https:\/\/le24suquet.fr\/wp-content\/uploads\/2023\/12\/Image4.png\" \/>\n\t<meta property=\"og:image:width\" content=\"413\" \/>\n\t<meta property=\"og:image:height\" content=\"231\" \/>\n\t<meta property=\"og:image:type\" content=\"image\/png\" \/>\n<meta name=\"twitter:card\" content=\"summary_large_image\" \/>\n<meta name=\"twitter:label1\" content=\"Estimated reading time\" \/>\n\t<meta name=\"twitter:data1\" content=\"1 minute\" \/>\n<script type=\"application\/ld+json\" class=\"yoast-schema-graph\">{\"@context\":\"https:\\\/\\\/schema.org\",\"@graph\":[{\"@type\":\"WebPage\",\"@id\":\"https:\\\/\\\/le24suquet.fr\\\/menu-jour-de-lan\\\/\",\"url\":\"https:\\\/\\\/le24suquet.fr\\\/menu-jour-de-lan\\\/\",\"name\":\"Menu Saint Valentin - Restaurant le 24 Cannes\",\"isPartOf\":{\"@id\":\"https:\\\/\\\/le24suquet.fr\\\/#website\"},\"primaryImageOfPage\":{\"@id\":\"https:\\\/\\\/le24suquet.fr\\\/menu-jour-de-lan\\\/#primaryimage\"},\"image\":{\"@id\":\"https:\\\/\\\/le24suquet.fr\\\/menu-jour-de-lan\\\/#primaryimage\"},\"thumbnailUrl\":\"https:\\\/\\\/le24suquet.fr\\\/wp-content\\\/uploads\\\/2023\\\/12\\\/Image4.png\",\"datePublished\":\"2024-11-09T09:47:20+00:00\",\"dateModified\":\"2026-02-06T11:56:42+00:00\",\"breadcrumb\":{\"@id\":\"https:\\\/\\\/le24suquet.fr\\\/menu-jour-de-lan\\\/#breadcrumb\"},\"inLanguage\":\"en-GB\",\"potentialAction\":[{\"@type\":\"ReadAction\",\"target\":[\"https:\\\/\\\/le24suquet.fr\\\/menu-jour-de-lan\\\/\"]}]},{\"@type\":\"ImageObject\",\"inLanguage\":\"en-GB\",\"@id\":\"https:\\\/\\\/le24suquet.fr\\\/menu-jour-de-lan\\\/#primaryimage\",\"url\":\"https:\\\/\\\/le24suquet.fr\\\/wp-content\\\/uploads\\\/2023\\\/12\\\/Image4.png\",\"contentUrl\":\"https:\\\/\\\/le24suquet.fr\\\/wp-content\\\/uploads\\\/2023\\\/12\\\/Image4.png\"},{\"@type\":\"BreadcrumbList\",\"@id\":\"https:\\\/\\\/le24suquet.fr\\\/menu-jour-de-lan\\\/#breadcrumb\",\"itemListElement\":[{\"@type\":\"ListItem\",\"position\":1,\"name\":\"Home\",\"item\":\"https:\\\/\\\/le24suquet.fr\\\/\"},{\"@type\":\"ListItem\",\"position\":2,\"name\":\"Menu Saint Valentin\"}]},{\"@type\":\"WebSite\",\"@id\":\"https:\\\/\\\/le24suquet.fr\\\/#website\",\"url\":\"https:\\\/\\\/le24suquet.fr\\\/\",\"name\":\"Restaurant le 24 Cannes\",\"description\":\"Un restaurant \u00e0 Cannes au Suquet\",\"publisher\":{\"@id\":\"https:\\\/\\\/le24suquet.fr\\\/#organization\"},\"potentialAction\":[{\"@type\":\"SearchAction\",\"target\":{\"@type\":\"EntryPoint\",\"urlTemplate\":\"https:\\\/\\\/le24suquet.fr\\\/?s={search_term_string}\"},\"query-input\":{\"@type\":\"PropertyValueSpecification\",\"valueRequired\":true,\"valueName\":\"search_term_string\"}}],\"inLanguage\":\"en-GB\"},{\"@type\":\"Organization\",\"@id\":\"https:\\\/\\\/le24suquet.fr\\\/#organization\",\"name\":\"Restaurant le 24 Cannes\",\"url\":\"https:\\\/\\\/le24suquet.fr\\\/\",\"logo\":{\"@type\":\"ImageObject\",\"inLanguage\":\"en-GB\",\"@id\":\"https:\\\/\\\/le24suquet.fr\\\/#\\\/schema\\\/logo\\\/image\\\/\",\"url\":\"https:\\\/\\\/le24suquet.fr\\\/wp-content\\\/uploads\\\/2023\\\/11\\\/cropped-Logo-new.png\",\"contentUrl\":\"https:\\\/\\\/le24suquet.fr\\\/wp-content\\\/uploads\\\/2023\\\/11\\\/cropped-Logo-new.png\",\"width\":386,\"height\":231,\"caption\":\"Restaurant le 24 Cannes\"},\"image\":{\"@id\":\"https:\\\/\\\/le24suquet.fr\\\/#\\\/schema\\\/logo\\\/image\\\/\"}}]}<\/script>\n<!-- \/ Yoast SEO plugin. -->","yoast_head_json":{"title":"Menu Saint Valentin - Restaurant le 24 Cannes","robots":{"index":"index","follow":"follow","max-snippet":"max-snippet:-1","max-image-preview":"max-image-preview:large","max-video-preview":"max-video-preview:-1"},"canonical":"https:\/\/le24suquet.fr\/en\/menu-jour-de-lan\/","og_locale":"en_GB","og_type":"article","og_title":"Menu Saint Valentin - Restaurant le 24 Cannes","og_description":"Menu Saint Valentin 14 F\u00e9vrier 44,90\u20ac Coupe de Champagne rouge Amour Saint-Jacques aux Epices OU Petite Ravioles \u00e0 la Truffe Filet de Boeuf Sauce au poivre vert OU Filet de Loup Sauce Vierge Tiramisu Maison ou Cr\u00e8me brul\u00e9e \u00e0 la Vanille R\u00e9servation","og_url":"https:\/\/le24suquet.fr\/en\/menu-jour-de-lan\/","og_site_name":"Restaurant le 24 Cannes","article_modified_time":"2026-02-06T11:56:42+00:00","og_image":[{"width":413,"height":231,"url":"https:\/\/le24suquet.fr\/wp-content\/uploads\/2023\/12\/Image4.png","type":"image\/png"}],"twitter_card":"summary_large_image","twitter_misc":{"Estimated reading time":"1 minute"},"schema":{"@context":"https:\/\/schema.org","@graph":[{"@type":"WebPage","@id":"https:\/\/le24suquet.fr\/menu-jour-de-lan\/","url":"https:\/\/le24suquet.fr\/menu-jour-de-lan\/","name":"Menu Saint Valentin - Restaurant le 24 Cannes","isPartOf":{"@id":"https:\/\/le24suquet.fr\/#website"},"primaryImageOfPage":{"@id":"https:\/\/le24suquet.fr\/menu-jour-de-lan\/#primaryimage"},"image":{"@id":"https:\/\/le24suquet.fr\/menu-jour-de-lan\/#primaryimage"},"thumbnailUrl":"https:\/\/le24suquet.fr\/wp-content\/uploads\/2023\/12\/Image4.png","datePublished":"2024-11-09T09:47:20+00:00","dateModified":"2026-02-06T11:56:42+00:00","breadcrumb":{"@id":"https:\/\/le24suquet.fr\/menu-jour-de-lan\/#breadcrumb"},"inLanguage":"en-GB","potentialAction":[{"@type":"ReadAction","target":["https:\/\/le24suquet.fr\/menu-jour-de-lan\/"]}]},{"@type":"ImageObject","inLanguage":"en-GB","@id":"https:\/\/le24suquet.fr\/menu-jour-de-lan\/#primaryimage","url":"https:\/\/le24suquet.fr\/wp-content\/uploads\/2023\/12\/Image4.png","contentUrl":"https:\/\/le24suquet.fr\/wp-content\/uploads\/2023\/12\/Image4.png"},{"@type":"BreadcrumbList","@id":"https:\/\/le24suquet.fr\/menu-jour-de-lan\/#breadcrumb","itemListElement":[{"@type":"ListItem","position":1,"name":"Home","item":"https:\/\/le24suquet.fr\/"},{"@type":"ListItem","position":2,"name":"Menu Saint Valentin"}]},{"@type":"WebSite","@id":"https:\/\/le24suquet.fr\/#website","url":"https:\/\/le24suquet.fr\/","name":"Restaurant le 24 Cannes","description":"Un restaurant \u00e0 Cannes au Suquet","publisher":{"@id":"https:\/\/le24suquet.fr\/#organization"},"potentialAction":[{"@type":"SearchAction","target":{"@type":"EntryPoint","urlTemplate":"https:\/\/le24suquet.fr\/?s={search_term_string}"},"query-input":{"@type":"PropertyValueSpecification","valueRequired":true,"valueName":"search_term_string"}}],"inLanguage":"en-GB"},{"@type":"Organization","@id":"https:\/\/le24suquet.fr\/#organization","name":"Restaurant le 24 Cannes","url":"https:\/\/le24suquet.fr\/","logo":{"@type":"ImageObject","inLanguage":"en-GB","@id":"https:\/\/le24suquet.fr\/#\/schema\/logo\/image\/","url":"https:\/\/le24suquet.fr\/wp-content\/uploads\/2023\/11\/cropped-Logo-new.png","contentUrl":"https:\/\/le24suquet.fr\/wp-content\/uploads\/2023\/11\/cropped-Logo-new.png","width":386,"height":231,"caption":"Restaurant le 24 Cannes"},"image":{"@id":"https:\/\/le24suquet.fr\/#\/schema\/logo\/image\/"}}]}},"_links":{"self":[{"href":"https:\/\/le24suquet.fr\/en\/wp-json\/wp\/v2\/pages\/27237","targetHints":{"allow":["GET"]}}],"collection":[{"href":"https:\/\/le24suquet.fr\/en\/wp-json\/wp\/v2\/pages"}],"about":[{"href":"https:\/\/le24suquet.fr\/en\/wp-json\/wp\/v2\/types\/page"}],"author":[{"embeddable":true,"href":"https:\/\/le24suquet.fr\/en\/wp-json\/wp\/v2\/users\/1"}],"replies":[{"embeddable":true,"href":"https:\/\/le24suquet.fr\/en\/wp-json\/wp\/v2\/comments?post=27237"}],"version-history":[{"count":734,"href":"https:\/\/le24suquet.fr\/en\/wp-json\/wp\/v2\/pages\/27237\/revisions"}],"predecessor-version":[{"id":38167,"href":"https:\/\/le24suquet.fr\/en\/wp-json\/wp\/v2\/pages\/27237\/revisions\/38167"}],"wp:attachment":[{"href":"https:\/\/le24suquet.fr\/en\/wp-json\/wp\/v2\/media?parent=27237"}],"curies":[{"name":"wp","href":"https:\/\/api.w.org\/{rel}","templated":true}]}}