{"id":37143,"date":"2025-11-21T17:55:56","date_gmt":"2025-11-21T17:55:56","guid":{"rendered":"https:\/\/le24suquet.fr\/?page_id=37143"},"modified":"2026-02-06T13:00:31","modified_gmt":"2026-02-06T13:00:31","slug":"menus-2","status":"publish","type":"page","link":"https:\/\/le24suquet.fr\/en\/menus-2\/","title":{"rendered":"Menu 35,99\u20ac"},"content":{"rendered":"<div data-elementor-type=\"wp-page\" data-elementor-id=\"37143\" class=\"elementor elementor-37143\">\n\t\t\t\t<div class=\"elementor-element elementor-element-70239e3 e-con-full e-flex wpr-particle-no wpr-jarallax-no wpr-parallax-no wpr-sticky-section-no e-con e-parent\" data-id=\"70239e3\" data-element_type=\"container\" data-e-type=\"container\" data-settings=\"{&quot;background_background&quot;:&quot;classic&quot;,&quot;shape_divider_bottom&quot;:&quot;mountains&quot;}\">\n\t\t\t\t<div class=\"elementor-shape elementor-shape-bottom\" aria-hidden=\"true\" data-negative=\"false\">\n\t\t\t<svg xmlns=\"http:\/\/www.w3.org\/2000\/svg\" viewbox=\"0 0 1000 100\" preserveaspectratio=\"none\">\n\t<path class=\"elementor-shape-fill\" opacity=\"0.33\" d=\"M473,67.3c-203.9,88.3-263.1-34-320.3,0C66,119.1,0,59.7,0,59.7V0h1000v59.7 c0,0-62.1,26.1-94.9,29.3c-32.8,3.3-62.8-12.3-75.8-22.1C806,49.6,745.3,8.7,694.9,4.7S492.4,59,473,67.3z\"\/>\n\t<path class=\"elementor-shape-fill\" opacity=\"0.66\" d=\"M734,67.3c-45.5,0-77.2-23.2-129.1-39.1c-28.6-8.7-150.3-10.1-254,39.1 s-91.7-34.4-149.2,0C115.7,118.3,0,39.8,0,39.8V0h1000v36.5c0,0-28.2-18.5-92.1-18.5C810.2,18.1,775.7,67.3,734,67.3z\"\/>\n\t<path class=\"elementor-shape-fill\" d=\"M766.1,28.9c-200-57.5-266,65.5-395.1,19.5C242,1.8,242,5.4,184.8,20.6C128,35.8,132.3,44.9,89.9,52.5C28.6,63.7,0,0,0,0 h1000c0,0-9.9,40.9-83.6,48.1S829.6,47,766.1,28.9z\"\/>\n<\/svg>\t\t<\/div>\n\t\t<div class=\"elementor-element elementor-element-3f4f102 e-con-full e-flex wpr-particle-no wpr-jarallax-no wpr-parallax-no wpr-sticky-section-no e-con e-child\" data-id=\"3f4f102\" data-element_type=\"container\" data-e-type=\"container\">\n\t\t\t\t<div class=\"elementor-element elementor-element-314e78f animated-slow elementor-widget elementor-widget-image\" data-id=\"314e78f\" data-element_type=\"widget\" data-e-type=\"widget\" data-settings=\"{&quot;_animation&quot;:&quot;none&quot;}\" data-widget_type=\"image.default\">\n\t\t\t\t<div class=\"elementor-widget-container\">\n\t\t\t\t\t\t\t\t\t\t\t\t\t\t\t<img fetchpriority=\"high\" decoding=\"async\" width=\"413\" height=\"231\" src=\"https:\/\/le24suquet.fr\/wp-content\/uploads\/2023\/12\/Image4.png\" class=\"attachment-ocean-thumb-l size-ocean-thumb-l wp-image-21145\" alt=\"\" srcset=\"https:\/\/le24suquet.fr\/wp-content\/uploads\/2023\/12\/Image4.png 413w, https:\/\/le24suquet.fr\/wp-content\/uploads\/2023\/12\/Image4-300x168.png 300w, https:\/\/le24suquet.fr\/wp-content\/uploads\/2023\/12\/Image4-18x10.png 18w\" sizes=\"(max-width: 413px) 100vw, 413px\" \/>\t\t\t\t\t\t\t\t\t\t\t\t\t\t\t<\/div>\n\t\t\t\t<\/div>\n\t\t\t\t<div class=\"elementor-element elementor-element-9ac5cf2 elementor-widget elementor-widget-text-editor\" data-id=\"9ac5cf2\" data-element_type=\"widget\" data-e-type=\"widget\" data-widget_type=\"text-editor.default\">\n\t\t\t\t<div class=\"elementor-widget-container\">\n\t\t\t\t\t\t\t\t\t<p>Le Menu \u00e0<br \/>35,90\u20ac<\/p>\t\t\t\t\t\t\t\t<\/div>\n\t\t\t\t<\/div>\n\t\t\t\t<\/div>\n\t\t\t\t<\/div>\n\t\t<div class=\"elementor-element elementor-element-178d508 e-flex e-con-boxed wpr-particle-no wpr-jarallax-no wpr-parallax-no wpr-sticky-section-no e-con e-parent\" data-id=\"178d508\" data-element_type=\"container\" data-e-type=\"container\" data-settings=\"{&quot;background_background&quot;:&quot;classic&quot;}\">\n\t\t\t\t\t<div class=\"e-con-inner\">\n\t\t<div class=\"elementor-element elementor-element-b2a3875 e-con-full e-flex wpr-particle-no wpr-jarallax-no wpr-parallax-no wpr-sticky-section-no e-con e-child\" data-id=\"b2a3875\" data-element_type=\"container\" data-e-type=\"container\">\n\t\t\t\t<div class=\"elementor-element elementor-element-21a5461 elementor-widget elementor-widget-heading\" data-id=\"21a5461\" data-element_type=\"widget\" data-e-type=\"widget\" data-widget_type=\"heading.default\">\n\t\t\t\t<div class=\"elementor-widget-container\">\n\t\t\t\t\t<h2 class=\"elementor-heading-title elementor-size-default\">Hors congr\u00e9s<\/h2>\t\t\t\t<\/div>\n\t\t\t\t<\/div>\n\t\t\t\t<\/div>\n\t\t\t\t\t<\/div>\n\t\t\t\t<\/div>\n\t\t<div class=\"elementor-element elementor-element-e296ff5 e-flex e-con-boxed wpr-particle-no wpr-jarallax-no wpr-parallax-no wpr-sticky-section-no e-con e-parent\" data-id=\"e296ff5\" data-element_type=\"container\" data-e-type=\"container\" data-settings=\"{&quot;background_background&quot;:&quot;classic&quot;}\">\n\t\t\t\t\t<div class=\"e-con-inner\">\n\t\t<div class=\"elementor-element elementor-element-945347c e-con-full e-flex wpr-particle-no wpr-jarallax-no wpr-parallax-no wpr-sticky-section-no e-con e-child\" data-id=\"945347c\" data-element_type=\"container\" data-e-type=\"container\">\n\t\t\t\t<div class=\"elementor-element elementor-element-d950478 elementor-widget elementor-widget-heading\" data-id=\"d950478\" data-element_type=\"widget\" data-e-type=\"widget\" data-widget_type=\"heading.default\">\n\t\t\t\t<div class=\"elementor-widget-container\">\n\t\t\t\t\t<h2 class=\"elementor-heading-title elementor-size-default\">\n<\/h2>\t\t\t\t<\/div>\n\t\t\t\t<\/div>\n\t\t\t\t<div class=\"elementor-element elementor-element-b22d8d6 elementor-widget elementor-widget-heading\" data-id=\"b22d8d6\" data-element_type=\"widget\" data-e-type=\"widget\" data-widget_type=\"heading.default\">\n\t\t\t\t<div class=\"elementor-widget-container\">\n\t\t\t\t\t<h2 class=\"elementor-heading-title elementor-size-default\">Nos viandes d\u2019origine UE et France.<br>\nLes menus ne peuvent \u00eatre partag\u00e9s.<\/h2>\t\t\t\t<\/div>\n\t\t\t\t<\/div>\n\t\t\t\t<div class=\"elementor-element elementor-element-5b8febc elementor-widget elementor-widget-heading\" data-id=\"5b8febc\" data-element_type=\"widget\" data-e-type=\"widget\" data-widget_type=\"heading.default\">\n\t\t\t\t<div class=\"elementor-widget-container\">\n\t\t\t\t\t<h2 class=\"elementor-heading-title elementor-size-default\"><b>STARTER + DISH + DESSERT\n<br>35,90\u20ac\n<\/h2>\t\t\t\t<\/div>\n\t\t\t\t<\/div>\n\t\t\t\t<div class=\"elementor-element elementor-element-bbf37da elementor-widget elementor-widget-text-editor\" data-id=\"bbf37da\" data-element_type=\"widget\" data-e-type=\"widget\" data-widget_type=\"text-editor.default\">\n\t\t\t\t<div class=\"elementor-widget-container\">\n\t\t\t\t\t\t\t\t\t<h1 style=\"text-align: center;\"><span style=\"color: #ff9900;\">Starters<\/span><\/h1><h3 style=\"text-align: center;\"><span style=\"color: #ffffff;\">Burrata from Puglia<\/span><\/h3><h3 style=\"text-align: center;\"><span style=\"color: #ffffff;\">Cassolette de St Jacques<\/span><br \/><span style=\"color: #ffffff;\">et Poulpe<\/span><\/h3><h3 style=\"text-align: center;\"><span style=\"color: #ffffff;\">Foie gras \u00abmaison\u00bb au cognac<\/span><br \/><span style=\"color: #ffffff;\"><em>(supp 2\u20ac)<\/em><\/span><\/h3><h3 style=\"text-align: center;\"><span style=\"color: #ffffff;\">Salade de ch\u00e8vre et camembert<\/span><br \/><span style=\"color: #ffffff;\">r\u00f4ti au miel \u00e0 la truffe<\/span><\/h3><h1 style=\"text-align: center;\"><span style=\"color: #ff9900;\"><strong>Plats<\/strong><\/span><\/h1><h3 style=\"text-align: center;\"><span style=\"color: #ffffff;\">Souris d\u2019agneau r\u00f4ti au thym<\/span><br \/><span style=\"color: #ffffff;\">et \u00e0 l\u2019ail <em>(supp 3\u20ac)<\/em><\/span><\/h3><h3 style=\"text-align: center;\"><span style=\"color: #ffffff;\">Les moules de Bouchot \u00e0 la marini\u00e8re<\/span><\/h3><h3 style=\"text-align: center;\"><span style=\"color: #ffffff;\">Ravioles du Dauphin\u00e9 au comt\u00e9<\/span><br \/><span style=\"color: #ffffff;\">\u00ab Label Rouge\u00bb<\/span><\/h3><h3 style=\"text-align: center;\"><span style=\"color: #ffffff;\">BASS FILLET\nWith tarragon<\/span><\/h3><h1 style=\"text-align: center;\"><span style=\"color: #ff9900;\"><strong>D\u00e9sserts<\/strong><\/span><\/h1><h3 style=\"text-align: center;\"><span style=\"color: #ffffff;\">TIRAMISSU\nCoffee and amaretto<\/span><\/h3><h3 style=\"text-align: center;\"><span style=\"color: #ffffff;\">CREME BRULE\nVanilla<\/span><\/h3><h3 style=\"text-align: center;\"><span style=\"color: #ffffff;\">Unlimited rum baba<\/span><\/h3>\t\t\t\t\t\t\t\t<\/div>\n\t\t\t\t<\/div>\n\t\t\t\t<div class=\"elementor-element elementor-element-2af307b elementor-widget-divider--view-line elementor-widget elementor-widget-divider\" data-id=\"2af307b\" data-element_type=\"widget\" data-e-type=\"widget\" data-widget_type=\"divider.default\">\n\t\t\t\t<div class=\"elementor-widget-container\">\n\t\t\t\t\t\t\t<div class=\"elementor-divider\">\n\t\t\t<span class=\"elementor-divider-separator\">\n\t\t\t\t\t\t<\/span>\n\t\t<\/div>\n\t\t\t\t\t\t<\/div>\n\t\t\t\t<\/div>\n\t\t\t\t<\/div>\n\t\t\t\t\t<\/div>\n\t\t\t\t<\/div>\n\t\t\t\t<\/div>","protected":false},"excerpt":{"rendered":"<p>Le Menu \u00e035,90\u20ac Hors congr\u00e9s Nos viandes d\u2019origine UE et France. Les menus ne peuvent \u00eatre partag\u00e9s. ENTREE + PLAT + DESSERT 35,90\u20ac Entr\u00e9es Burrata des Pouilles Cassolette de St Jacqueset Poulpe Foie gras \u00abmaison\u00bb au cognac(supp 2\u20ac) Salade de ch\u00e8vre et camembertr\u00f4ti au miel \u00e0 la truffe Plats Souris d\u2019agneau r\u00f4ti au thymet \u00e0 l\u2019ail (supp 3\u20ac) Les moules de Bouchot \u00e0 la marini\u00e8re Ravioles du Dauphin\u00e9 au comt\u00e9\u00ab Label Rouge\u00bb Filet de bar \u00e0 l\u2019estragon D\u00e9sserts Tiramisu traditionnel Cr\u00e8me br\u00fbl\u00e9e maison Baba au rhum \u00e0 volont\u00e9<\/p>","protected":false},"author":1,"featured_media":0,"parent":0,"menu_order":0,"comment_status":"closed","ping_status":"closed","template":"elementor_header_footer","meta":{"footnotes":""},"class_list":["post-37143","page","type-page","status-publish","hentry","entry"],"yoast_head":"<!-- This site is optimized with the Yoast SEO plugin v27.3 - https:\/\/yoast.com\/product\/yoast-seo-wordpress\/ -->\n<title>Menu 35,99\u20ac - Restaurant le 24 Cannes<\/title>\n<meta name=\"robots\" content=\"index, follow, max-snippet:-1, max-image-preview:large, max-video-preview:-1\" \/>\n<link rel=\"canonical\" href=\"https:\/\/le24suquet.fr\/en\/menus-2\/\" \/>\n<meta property=\"og:locale\" content=\"en_GB\" \/>\n<meta property=\"og:type\" content=\"article\" \/>\n<meta property=\"og:title\" content=\"Menu 35,99\u20ac - Restaurant le 24 Cannes\" \/>\n<meta property=\"og:description\" content=\"Le Menu \u00e035,90\u20ac Hors congr\u00e9s Nos viandes d\u2019origine UE et France. Les menus ne peuvent \u00eatre partag\u00e9s. ENTREE + PLAT + DESSERT 35,90\u20ac Entr\u00e9es Burrata des Pouilles Cassolette de St Jacqueset Poulpe Foie gras \u00abmaison\u00bb au cognac(supp 2\u20ac) Salade de ch\u00e8vre et camembertr\u00f4ti au miel \u00e0 la truffe Plats Souris d\u2019agneau r\u00f4ti au thymet \u00e0 l\u2019ail (supp 3\u20ac) Les moules de Bouchot \u00e0 la marini\u00e8re Ravioles du Dauphin\u00e9 au comt\u00e9\u00ab Label Rouge\u00bb Filet de bar \u00e0 l\u2019estragon D\u00e9sserts Tiramisu traditionnel Cr\u00e8me br\u00fbl\u00e9e maison Baba au rhum \u00e0 volont\u00e9\" \/>\n<meta property=\"og:url\" content=\"https:\/\/le24suquet.fr\/en\/menus-2\/\" \/>\n<meta property=\"og:site_name\" content=\"Restaurant le 24 Cannes\" \/>\n<meta property=\"article:modified_time\" content=\"2026-02-06T13:00:31+00:00\" \/>\n<meta property=\"og:image\" content=\"https:\/\/le24suquet.fr\/wp-content\/uploads\/2023\/12\/Image4.png\" \/>\n\t<meta property=\"og:image:width\" content=\"413\" \/>\n\t<meta property=\"og:image:height\" content=\"231\" \/>\n\t<meta property=\"og:image:type\" content=\"image\/png\" \/>\n<meta name=\"twitter:card\" content=\"summary_large_image\" \/>\n<meta name=\"twitter:label1\" content=\"Estimated reading time\" \/>\n\t<meta name=\"twitter:data1\" content=\"1 minute\" \/>\n<script type=\"application\/ld+json\" class=\"yoast-schema-graph\">{\"@context\":\"https:\\\/\\\/schema.org\",\"@graph\":[{\"@type\":\"WebPage\",\"@id\":\"https:\\\/\\\/le24suquet.fr\\\/menus-2\\\/\",\"url\":\"https:\\\/\\\/le24suquet.fr\\\/menus-2\\\/\",\"name\":\"Menu 35,99\u20ac - Restaurant le 24 Cannes\",\"isPartOf\":{\"@id\":\"https:\\\/\\\/le24suquet.fr\\\/#website\"},\"primaryImageOfPage\":{\"@id\":\"https:\\\/\\\/le24suquet.fr\\\/menus-2\\\/#primaryimage\"},\"image\":{\"@id\":\"https:\\\/\\\/le24suquet.fr\\\/menus-2\\\/#primaryimage\"},\"thumbnailUrl\":\"https:\\\/\\\/le24suquet.fr\\\/wp-content\\\/uploads\\\/2023\\\/12\\\/Image4.png\",\"datePublished\":\"2025-11-21T17:55:56+00:00\",\"dateModified\":\"2026-02-06T13:00:31+00:00\",\"breadcrumb\":{\"@id\":\"https:\\\/\\\/le24suquet.fr\\\/menus-2\\\/#breadcrumb\"},\"inLanguage\":\"en-GB\",\"potentialAction\":[{\"@type\":\"ReadAction\",\"target\":[\"https:\\\/\\\/le24suquet.fr\\\/menus-2\\\/\"]}]},{\"@type\":\"ImageObject\",\"inLanguage\":\"en-GB\",\"@id\":\"https:\\\/\\\/le24suquet.fr\\\/menus-2\\\/#primaryimage\",\"url\":\"https:\\\/\\\/le24suquet.fr\\\/wp-content\\\/uploads\\\/2023\\\/12\\\/Image4.png\",\"contentUrl\":\"https:\\\/\\\/le24suquet.fr\\\/wp-content\\\/uploads\\\/2023\\\/12\\\/Image4.png\"},{\"@type\":\"BreadcrumbList\",\"@id\":\"https:\\\/\\\/le24suquet.fr\\\/menus-2\\\/#breadcrumb\",\"itemListElement\":[{\"@type\":\"ListItem\",\"position\":1,\"name\":\"Home\",\"item\":\"https:\\\/\\\/le24suquet.fr\\\/\"},{\"@type\":\"ListItem\",\"position\":2,\"name\":\"Menu 35,99\u20ac\"}]},{\"@type\":\"WebSite\",\"@id\":\"https:\\\/\\\/le24suquet.fr\\\/#website\",\"url\":\"https:\\\/\\\/le24suquet.fr\\\/\",\"name\":\"Restaurant le 24 Cannes\",\"description\":\"Un restaurant \u00e0 Cannes au Suquet\",\"publisher\":{\"@id\":\"https:\\\/\\\/le24suquet.fr\\\/#organization\"},\"potentialAction\":[{\"@type\":\"SearchAction\",\"target\":{\"@type\":\"EntryPoint\",\"urlTemplate\":\"https:\\\/\\\/le24suquet.fr\\\/?s={search_term_string}\"},\"query-input\":{\"@type\":\"PropertyValueSpecification\",\"valueRequired\":true,\"valueName\":\"search_term_string\"}}],\"inLanguage\":\"en-GB\"},{\"@type\":\"Organization\",\"@id\":\"https:\\\/\\\/le24suquet.fr\\\/#organization\",\"name\":\"Restaurant le 24 Cannes\",\"url\":\"https:\\\/\\\/le24suquet.fr\\\/\",\"logo\":{\"@type\":\"ImageObject\",\"inLanguage\":\"en-GB\",\"@id\":\"https:\\\/\\\/le24suquet.fr\\\/#\\\/schema\\\/logo\\\/image\\\/\",\"url\":\"https:\\\/\\\/le24suquet.fr\\\/wp-content\\\/uploads\\\/2023\\\/11\\\/cropped-Logo-new.png\",\"contentUrl\":\"https:\\\/\\\/le24suquet.fr\\\/wp-content\\\/uploads\\\/2023\\\/11\\\/cropped-Logo-new.png\",\"width\":386,\"height\":231,\"caption\":\"Restaurant le 24 Cannes\"},\"image\":{\"@id\":\"https:\\\/\\\/le24suquet.fr\\\/#\\\/schema\\\/logo\\\/image\\\/\"}}]}<\/script>\n<!-- \/ Yoast SEO plugin. -->","yoast_head_json":{"title":"Menu 35,99\u20ac - Restaurant le 24 Cannes","robots":{"index":"index","follow":"follow","max-snippet":"max-snippet:-1","max-image-preview":"max-image-preview:large","max-video-preview":"max-video-preview:-1"},"canonical":"https:\/\/le24suquet.fr\/en\/menus-2\/","og_locale":"en_GB","og_type":"article","og_title":"Menu 35,99\u20ac - Restaurant le 24 Cannes","og_description":"Le Menu \u00e035,90\u20ac Hors congr\u00e9s Nos viandes d\u2019origine UE et France. Les menus ne peuvent \u00eatre partag\u00e9s. ENTREE + PLAT + DESSERT 35,90\u20ac Entr\u00e9es Burrata des Pouilles Cassolette de St Jacqueset Poulpe Foie gras \u00abmaison\u00bb au cognac(supp 2\u20ac) Salade de ch\u00e8vre et camembertr\u00f4ti au miel \u00e0 la truffe Plats Souris d\u2019agneau r\u00f4ti au thymet \u00e0 l\u2019ail (supp 3\u20ac) Les moules de Bouchot \u00e0 la marini\u00e8re Ravioles du Dauphin\u00e9 au comt\u00e9\u00ab Label Rouge\u00bb Filet de bar \u00e0 l\u2019estragon D\u00e9sserts Tiramisu traditionnel Cr\u00e8me br\u00fbl\u00e9e maison Baba au rhum \u00e0 volont\u00e9","og_url":"https:\/\/le24suquet.fr\/en\/menus-2\/","og_site_name":"Restaurant le 24 Cannes","article_modified_time":"2026-02-06T13:00:31+00:00","og_image":[{"width":413,"height":231,"url":"https:\/\/le24suquet.fr\/wp-content\/uploads\/2023\/12\/Image4.png","type":"image\/png"}],"twitter_card":"summary_large_image","twitter_misc":{"Estimated reading time":"1 minute"},"schema":{"@context":"https:\/\/schema.org","@graph":[{"@type":"WebPage","@id":"https:\/\/le24suquet.fr\/menus-2\/","url":"https:\/\/le24suquet.fr\/menus-2\/","name":"Menu 35,99\u20ac - Restaurant le 24 Cannes","isPartOf":{"@id":"https:\/\/le24suquet.fr\/#website"},"primaryImageOfPage":{"@id":"https:\/\/le24suquet.fr\/menus-2\/#primaryimage"},"image":{"@id":"https:\/\/le24suquet.fr\/menus-2\/#primaryimage"},"thumbnailUrl":"https:\/\/le24suquet.fr\/wp-content\/uploads\/2023\/12\/Image4.png","datePublished":"2025-11-21T17:55:56+00:00","dateModified":"2026-02-06T13:00:31+00:00","breadcrumb":{"@id":"https:\/\/le24suquet.fr\/menus-2\/#breadcrumb"},"inLanguage":"en-GB","potentialAction":[{"@type":"ReadAction","target":["https:\/\/le24suquet.fr\/menus-2\/"]}]},{"@type":"ImageObject","inLanguage":"en-GB","@id":"https:\/\/le24suquet.fr\/menus-2\/#primaryimage","url":"https:\/\/le24suquet.fr\/wp-content\/uploads\/2023\/12\/Image4.png","contentUrl":"https:\/\/le24suquet.fr\/wp-content\/uploads\/2023\/12\/Image4.png"},{"@type":"BreadcrumbList","@id":"https:\/\/le24suquet.fr\/menus-2\/#breadcrumb","itemListElement":[{"@type":"ListItem","position":1,"name":"Home","item":"https:\/\/le24suquet.fr\/"},{"@type":"ListItem","position":2,"name":"Menu 35,99\u20ac"}]},{"@type":"WebSite","@id":"https:\/\/le24suquet.fr\/#website","url":"https:\/\/le24suquet.fr\/","name":"Restaurant le 24 Cannes","description":"Un restaurant \u00e0 Cannes au Suquet","publisher":{"@id":"https:\/\/le24suquet.fr\/#organization"},"potentialAction":[{"@type":"SearchAction","target":{"@type":"EntryPoint","urlTemplate":"https:\/\/le24suquet.fr\/?s={search_term_string}"},"query-input":{"@type":"PropertyValueSpecification","valueRequired":true,"valueName":"search_term_string"}}],"inLanguage":"en-GB"},{"@type":"Organization","@id":"https:\/\/le24suquet.fr\/#organization","name":"Restaurant le 24 Cannes","url":"https:\/\/le24suquet.fr\/","logo":{"@type":"ImageObject","inLanguage":"en-GB","@id":"https:\/\/le24suquet.fr\/#\/schema\/logo\/image\/","url":"https:\/\/le24suquet.fr\/wp-content\/uploads\/2023\/11\/cropped-Logo-new.png","contentUrl":"https:\/\/le24suquet.fr\/wp-content\/uploads\/2023\/11\/cropped-Logo-new.png","width":386,"height":231,"caption":"Restaurant le 24 Cannes"},"image":{"@id":"https:\/\/le24suquet.fr\/#\/schema\/logo\/image\/"}}]}},"_links":{"self":[{"href":"https:\/\/le24suquet.fr\/en\/wp-json\/wp\/v2\/pages\/37143","targetHints":{"allow":["GET"]}}],"collection":[{"href":"https:\/\/le24suquet.fr\/en\/wp-json\/wp\/v2\/pages"}],"about":[{"href":"https:\/\/le24suquet.fr\/en\/wp-json\/wp\/v2\/types\/page"}],"author":[{"embeddable":true,"href":"https:\/\/le24suquet.fr\/en\/wp-json\/wp\/v2\/users\/1"}],"replies":[{"embeddable":true,"href":"https:\/\/le24suquet.fr\/en\/wp-json\/wp\/v2\/comments?post=37143"}],"version-history":[{"count":124,"href":"https:\/\/le24suquet.fr\/en\/wp-json\/wp\/v2\/pages\/37143\/revisions"}],"predecessor-version":[{"id":38378,"href":"https:\/\/le24suquet.fr\/en\/wp-json\/wp\/v2\/pages\/37143\/revisions\/38378"}],"wp:attachment":[{"href":"https:\/\/le24suquet.fr\/en\/wp-json\/wp\/v2\/media?parent=37143"}],"curies":[{"name":"wp","href":"https:\/\/api.w.org\/{rel}","templated":true}]}}